{"id":52,"date":"2024-04-30T16:35:26","date_gmt":"2024-04-30T16:35:26","guid":{"rendered":"https:\/\/demo.bravisthemes.com\/festiva\/?page_id=52"},"modified":"2026-01-29T21:55:14","modified_gmt":"2026-01-29T21:55:14","slug":"home","status":"publish","type":"page","link":"https:\/\/www.animebuzz.com.br\/portal\/","title":{"rendered":"Home"},"content":{"rendered":"\t\t<div data-elementor-type=\"wp-page\" data-elementor-id=\"52\" class=\"elementor elementor-52\">\n\t\t\t\t        <section class=\"elementor-section elementor-top-section elementor-element elementor-element-a5f708c elementor-section-boxed elementor-section-height-default elementor-section-height-default pxl-row-scroll-none pxl-section-overflow-visible pxl-bg-color-none pxl-section-overlay-none\" data-id=\"a5f708c\" data-element_type=\"section\" data-settings=\"{&quot;background_background&quot;:&quot;classic&quot;}\">\n\n                \n                <div class=\"elementor-container elementor-column-gap-default \">\n                <div class=\"elementor-column elementor-col-33 elementor-top-column elementor-element elementor-element-e931d20 pxl-column-none pxl-column-overflow-hidden-no\" data-id=\"e931d20\" data-element_type=\"column\">\r\n        <div class=\"elementor-widget-wrap elementor-element-populated\">\r\n                     \r\n        \t\t<div class=\"elementor-element elementor-element-a095a27 elementor-widget elementor-widget-image\" data-id=\"a095a27\" data-element_type=\"widget\" data-widget_type=\"image.default\">\n\t\t\t\t<div class=\"elementor-widget-container\">\n\t\t\t\t\t\t\t\t\t\t\t\t\t\t\t\t<a href=\"https:\/\/www.animebuzz.com.br\/buzz2026\/\">\n\t\t\t\t\t\t\t<img fetchpriority=\"high\" decoding=\"async\" width=\"788\" height=\"1024\" src=\"https:\/\/www.animebuzz.com.br\/portal\/wp-content\/uploads\/2026\/01\/homepoa-788x1024.png\" class=\"attachment-large size-large wp-image-18212\" alt=\"\" srcset=\"https:\/\/www.animebuzz.com.br\/portal\/wp-content\/uploads\/2026\/01\/homepoa-788x1024.png 788w, https:\/\/www.animebuzz.com.br\/portal\/wp-content\/uploads\/2026\/01\/homepoa-231x300.png 231w, https:\/\/www.animebuzz.com.br\/portal\/wp-content\/uploads\/2026\/01\/homepoa-768x998.png 768w, https:\/\/www.animebuzz.com.br\/portal\/wp-content\/uploads\/2026\/01\/homepoa-546x710.png 546w, https:\/\/www.animebuzz.com.br\/portal\/wp-content\/uploads\/2026\/01\/homepoa.png 860w\" sizes=\"(max-width: 788px) 100vw, 788px\" \/>\t\t\t\t\t\t\t\t<\/a>\n\t\t\t\t\t\t\t\t\t\t\t\t\t\t\t<\/div>\n\t\t\t\t<\/div>\n\t\t            <\/div>\r\n        <\/div>\r\n                <div class=\"elementor-column elementor-col-33 elementor-top-column elementor-element elementor-element-ec612bf pxl-column-none pxl-column-overflow-hidden-no\" data-id=\"ec612bf\" data-element_type=\"column\">\r\n        <div class=\"elementor-widget-wrap elementor-element-populated\">\r\n                     \r\n        \t\t<div class=\"elementor-element elementor-element-3703d48 elementor-widget elementor-widget-image\" data-id=\"3703d48\" data-element_type=\"widget\" data-widget_type=\"image.default\">\n\t\t\t\t<div class=\"elementor-widget-container\">\n\t\t\t\t\t\t\t\t\t\t\t\t\t\t\t<img decoding=\"async\" width=\"788\" height=\"1024\" src=\"https:\/\/www.animebuzz.com.br\/portal\/wp-content\/uploads\/2026\/01\/homecaxias-788x1024.png\" class=\"attachment-large size-large wp-image-18213\" alt=\"\" srcset=\"https:\/\/www.animebuzz.com.br\/portal\/wp-content\/uploads\/2026\/01\/homecaxias-788x1024.png 788w, https:\/\/www.animebuzz.com.br\/portal\/wp-content\/uploads\/2026\/01\/homecaxias-231x300.png 231w, https:\/\/www.animebuzz.com.br\/portal\/wp-content\/uploads\/2026\/01\/homecaxias-768x998.png 768w, https:\/\/www.animebuzz.com.br\/portal\/wp-content\/uploads\/2026\/01\/homecaxias-546x710.png 546w, https:\/\/www.animebuzz.com.br\/portal\/wp-content\/uploads\/2026\/01\/homecaxias.png 860w\" sizes=\"(max-width: 788px) 100vw, 788px\" \/>\t\t\t\t\t\t\t\t\t\t\t\t\t\t\t<\/div>\n\t\t\t\t<\/div>\n\t\t            <\/div>\r\n        <\/div>\r\n                <div class=\"elementor-column elementor-col-33 elementor-top-column elementor-element elementor-element-6a50881 pxl-column-none pxl-column-overflow-hidden-no\" data-id=\"6a50881\" data-element_type=\"column\">\r\n        <div class=\"elementor-widget-wrap elementor-element-populated\">\r\n                     \r\n        \t\t<div class=\"elementor-element elementor-element-0f2dd32 elementor-widget elementor-widget-image\" data-id=\"0f2dd32\" data-element_type=\"widget\" data-widget_type=\"image.default\">\n\t\t\t\t<div class=\"elementor-widget-container\">\n\t\t\t\t\t\t\t\t\t\t\t\t\t\t\t<img decoding=\"async\" width=\"788\" height=\"1024\" src=\"https:\/\/www.animebuzz.com.br\/portal\/wp-content\/uploads\/2026\/01\/homefj-788x1024.png\" class=\"attachment-large size-large wp-image-18214\" alt=\"\" srcset=\"https:\/\/www.animebuzz.com.br\/portal\/wp-content\/uploads\/2026\/01\/homefj-788x1024.png 788w, https:\/\/www.animebuzz.com.br\/portal\/wp-content\/uploads\/2026\/01\/homefj-231x300.png 231w, https:\/\/www.animebuzz.com.br\/portal\/wp-content\/uploads\/2026\/01\/homefj-768x998.png 768w, https:\/\/www.animebuzz.com.br\/portal\/wp-content\/uploads\/2026\/01\/homefj-546x710.png 546w, https:\/\/www.animebuzz.com.br\/portal\/wp-content\/uploads\/2026\/01\/homefj.png 860w\" sizes=\"(max-width: 788px) 100vw, 788px\" \/>\t\t\t\t\t\t\t\t\t\t\t\t\t\t\t<\/div>\n\t\t\t\t<\/div>\n\t\t            <\/div>\r\n        <\/div>\r\n        \t\t\t<\/div>\n\t\t<\/section>\n\t\t        <section class=\"elementor-section elementor-top-section elementor-element elementor-element-949f3d8 elementor-section-boxed elementor-section-height-default elementor-section-height-default pxl-row-scroll-none pxl-section-overflow-visible pxl-bg-color-none pxl-section-overlay-none\" data-id=\"949f3d8\" data-element_type=\"section\" data-settings=\"{&quot;background_background&quot;:&quot;classic&quot;}\">\n\n                \n                <div class=\"elementor-container elementor-column-gap-default \">\n                <div class=\"elementor-column elementor-col-50 elementor-top-column elementor-element elementor-element-6f90bee pxl-column-none pxl-column-overflow-hidden-no\" data-id=\"6f90bee\" data-element_type=\"column\">\r\n        <div class=\"elementor-widget-wrap elementor-element-populated\">\r\n                     \r\n        \t\t<div class=\"elementor-element elementor-element-fd5a92d elementor-widget elementor-widget-heading\" data-id=\"fd5a92d\" data-element_type=\"widget\" data-widget_type=\"heading.default\">\n\t\t\t\t<div class=\"elementor-widget-container\">\n\t\t\t\t\t<h2 class=\"elementor-heading-title elementor-size-default\">UM BAITA EVENTO!<\/h2>\t\t\t\t<\/div>\n\t\t\t\t<\/div>\n\t\t\t\t<div class=\"elementor-element elementor-element-d2eaf53 elementor-widget elementor-widget-text-editor\" data-id=\"d2eaf53\" data-element_type=\"widget\" data-widget_type=\"text-editor.default\">\n\t\t\t\t<div class=\"elementor-widget-container\">\n\t\t\t\t\t\t\t\t\t<p>O maior festival de cultura pop oriental do sul do Brasil.<\/p>\t\t\t\t\t\t\t\t<\/div>\n\t\t\t\t<\/div>\n\t\t\t\t<div class=\"elementor-element elementor-element-1e77455 elementor-widget elementor-widget-text-editor\" data-id=\"1e77455\" data-element_type=\"widget\" data-widget_type=\"text-editor.default\">\n\t\t\t\t<div class=\"elementor-widget-container\">\n\t\t\t\t\t\t\t\t\t<p>O Buzz \u00e9 um lugar em que voc\u00ea pode encontrar as esferas do drag\u00e3o, se tornar um mestre pok\u00e9mon, ser um hobbit em busca de uma nova aventura ou um Cavaleiro \u00e0 servi\u00e7o da deusa Athena. \u00c9 um evento onde voc\u00ea pode ser quem voc\u00ea quiser ser!<\/p><p>Anime Buzz \u00e9 a uni\u00e3o de tudo que tem de melhor do universo geek: animes, s\u00e9ries, filmes, K-Pop e games. \u00c9 uma\u00a0<span style=\"color: #ff6600;\">experi\u00eancia<\/span>, uma\u00a0<span style=\"color: #cc99ff;\">divers\u00e3o<\/span>, um\u00a0<span style=\"color: #3366ff;\">encontro\u00a0<\/span>entre amigos,\u00a0um lar.<\/p>\t\t\t\t\t\t\t\t<\/div>\n\t\t\t\t<\/div>\n\t\t            <\/div>\r\n        <\/div>\r\n                <div class=\"elementor-column elementor-col-50 elementor-top-column elementor-element elementor-element-5ee5a5a pxl-column-none pxl-column-overflow-hidden-no\" data-id=\"5ee5a5a\" data-element_type=\"column\">\r\n        <div class=\"elementor-widget-wrap elementor-element-populated\">\r\n                     \r\n        \t\t<div class=\"elementor-element elementor-element-52f63c9 elementor-widget elementor-widget-video\" data-id=\"52f63c9\" data-element_type=\"widget\" data-settings=\"{&quot;youtube_url&quot;:&quot;https:\\\/\\\/youtu.be\\\/5qrbxdXLlAw&quot;,&quot;video_type&quot;:&quot;youtube&quot;,&quot;controls&quot;:&quot;yes&quot;}\" data-widget_type=\"video.default\">\n\t\t\t\t<div class=\"elementor-widget-container\">\n\t\t\t\t\t\t\t<div class=\"elementor-wrapper elementor-open-inline\">\n\t\t\t<div class=\"elementor-video\"><\/div>\t\t<\/div>\n\t\t\t\t\t\t<\/div>\n\t\t\t\t<\/div>\n\t\t            <\/div>\r\n        <\/div>\r\n        \t\t\t<\/div>\n\t\t<\/section>\n\t\t\t\t<\/div>\n\t\t","protected":false},"excerpt":{"rendered":"<p>UM BAITA EVENTO! O maior festival de cultura pop oriental do sul do Brasil. O Buzz \u00e9 um lugar em que voc\u00ea pode encontrar as esferas do drag\u00e3o, se tornar um mestre pok\u00e9mon, ser um hobbit em busca de uma nova aventura ou um Cavaleiro \u00e0 servi\u00e7o da deusa Athena. \u00c9 um evento onde voc\u00ea [&hellip;]<\/p>\n","protected":false},"author":1,"featured_media":0,"parent":0,"menu_order":0,"comment_status":"closed","ping_status":"closed","template":"","meta":{"footnotes":""},"class_list":["post-52","page","type-page","status-publish","hentry"],"aioseo_notices":[],"_links":{"self":[{"href":"https:\/\/www.animebuzz.com.br\/portal\/wp-json\/wp\/v2\/pages\/52","targetHints":{"allow":["GET"]}}],"collection":[{"href":"https:\/\/www.animebuzz.com.br\/portal\/wp-json\/wp\/v2\/pages"}],"about":[{"href":"https:\/\/www.animebuzz.com.br\/portal\/wp-json\/wp\/v2\/types\/page"}],"author":[{"embeddable":true,"href":"https:\/\/www.animebuzz.com.br\/portal\/wp-json\/wp\/v2\/users\/1"}],"replies":[{"embeddable":true,"href":"https:\/\/www.animebuzz.com.br\/portal\/wp-json\/wp\/v2\/comments?post=52"}],"version-history":[{"count":9,"href":"https:\/\/www.animebuzz.com.br\/portal\/wp-json\/wp\/v2\/pages\/52\/revisions"}],"predecessor-version":[{"id":18224,"href":"https:\/\/www.animebuzz.com.br\/portal\/wp-json\/wp\/v2\/pages\/52\/revisions\/18224"}],"wp:attachment":[{"href":"https:\/\/www.animebuzz.com.br\/portal\/wp-json\/wp\/v2\/media?parent=52"}],"curies":[{"name":"wp","href":"https:\/\/api.w.org\/{rel}","templated":true}]}}