{"id":16801,"date":"2025-01-28T20:54:35","date_gmt":"2025-01-28T20:54:35","guid":{"rendered":"https:\/\/animebuzz.com.br\/buzz15anos\/?page_id=16801"},"modified":"2026-02-20T23:05:29","modified_gmt":"2026-02-20T23:05:29","slug":"kpop","status":"publish","type":"page","link":"https:\/\/www.animebuzz.com.br\/buzz2026\/kpop\/","title":{"rendered":"KPOP"},"content":{"rendered":"\t\t<div data-elementor-type=\"wp-page\" data-elementor-id=\"16801\" class=\"elementor elementor-16801\">\n\t\t\t\t        <section class=\"elementor-section elementor-top-section elementor-element elementor-element-e5a267b elementor-section-boxed elementor-section-height-default elementor-section-height-default pxl-row-scroll-none pxl-section-overflow-visible pxl-bg-color-none pxl-section-overlay-none\" data-id=\"e5a267b\" data-element_type=\"section\" data-e-type=\"section\" data-settings=\"{&quot;background_background&quot;:&quot;classic&quot;}\">\n\n                            <div class=\"elementor-background-overlay\"><\/div>\n            \n                <div class=\"elementor-container elementor-column-gap-default \">\n                <div class=\"elementor-column elementor-col-100 elementor-top-column elementor-element elementor-element-d626c97 pxl-column-none pxl-column-overflow-hidden-no\" data-id=\"d626c97\" data-element_type=\"column\" data-e-type=\"column\">\r\n        <div class=\"elementor-widget-wrap elementor-element-populated\">\r\n                     \r\n        \t\t<div class=\"elementor-element elementor-element-8abcd9d elementor-widget elementor-widget-spacer\" data-id=\"8abcd9d\" data-element_type=\"widget\" data-e-type=\"widget\" data-widget_type=\"spacer.default\">\n\t\t\t\t<div class=\"elementor-widget-container\">\n\t\t\t\t\t\t\t<div class=\"elementor-spacer\">\n\t\t\t<div class=\"elementor-spacer-inner\"><\/div>\n\t\t<\/div>\n\t\t\t\t\t\t<\/div>\n\t\t\t\t<\/div>\n\t\t\t\t<div class=\"elementor-element elementor-element-3c77fa4 elementor-widget elementor-widget-image\" data-id=\"3c77fa4\" data-element_type=\"widget\" data-e-type=\"widget\" data-widget_type=\"image.default\">\n\t\t\t\t<div class=\"elementor-widget-container\">\n\t\t\t\t\t\t\t\t\t\t\t\t\t\t\t<img decoding=\"async\" width=\"320\" height=\"105\" src=\"https:\/\/www.animebuzz.com.br\/buzz2026\/wp-content\/uploads\/2025\/01\/k-pop.png\" class=\"attachment-large size-large wp-image-17101\" alt=\"\" srcset=\"https:\/\/www.animebuzz.com.br\/buzz2026\/wp-content\/uploads\/2025\/01\/k-pop.png 320w, https:\/\/www.animebuzz.com.br\/buzz2026\/wp-content\/uploads\/2025\/01\/k-pop-300x98.png 300w\" sizes=\"(max-width: 320px) 100vw, 320px\" \/>\t\t\t\t\t\t\t\t\t\t\t\t\t\t\t<\/div>\n\t\t\t\t<\/div>\n\t\t            <\/div>\r\n        <\/div>\r\n        \t\t\t<\/div>\n\t\t<\/section>\n\t\t        <section class=\"elementor-section elementor-top-section elementor-element elementor-element-24b6866 elementor-section-boxed elementor-section-height-default elementor-section-height-default pxl-row-scroll-none pxl-section-overflow-visible pxl-bg-color-none pxl-section-overlay-none\" data-id=\"24b6866\" data-element_type=\"section\" data-e-type=\"section\" data-settings=\"{&quot;background_background&quot;:&quot;classic&quot;}\">\n\n                            <div class=\"elementor-background-overlay\"><\/div>\n            \n                <div class=\"elementor-container elementor-column-gap-default \">\n                <div class=\"elementor-column elementor-col-50 elementor-top-column elementor-element elementor-element-5189432 pxl-column-none pxl-column-overflow-hidden-no\" data-id=\"5189432\" data-element_type=\"column\" data-e-type=\"column\">\r\n        <div class=\"elementor-widget-wrap elementor-element-populated\">\r\n                     \r\n        \t\t<div class=\"elementor-element elementor-element-1cbe57c elementor-tabs-view-horizontal elementor-widget elementor-widget-tabs\" data-id=\"1cbe57c\" data-element_type=\"widget\" data-e-type=\"widget\" data-widget_type=\"tabs.default\">\n\t\t\t\t<div class=\"elementor-widget-container\">\n\t\t\t\t\t\t\t<div class=\"elementor-tabs\">\n\t\t\t<div class=\"elementor-tabs-wrapper\" role=\"tablist\" >\n\t\t\t\t\t\t\t\t\t<div id=\"elementor-tab-title-3011\" class=\"elementor-tab-title elementor-tab-desktop-title\" aria-selected=\"true\" data-tab=\"1\" role=\"tab\" tabindex=\"0\" aria-controls=\"elementor-tab-content-3011\" aria-expanded=\"false\">Apresenta\u00e7\u00f5es KPOP<\/div>\n\t\t\t\t\t\t\t\t\t<div id=\"elementor-tab-title-3012\" class=\"elementor-tab-title elementor-tab-desktop-title\" aria-selected=\"false\" data-tab=\"2\" role=\"tab\" tabindex=\"-1\" aria-controls=\"elementor-tab-content-3012\" aria-expanded=\"false\">Inscri\u00e7\u00f5es<\/div>\n\t\t\t\t\t\t\t<\/div>\n\t\t\t<div class=\"elementor-tabs-content-wrapper\" role=\"tablist\" aria-orientation=\"vertical\">\n\t\t\t\t\t\t\t\t\t<div class=\"elementor-tab-title elementor-tab-mobile-title\" aria-selected=\"true\" data-tab=\"1\" role=\"tab\" tabindex=\"0\" aria-controls=\"elementor-tab-content-3011\" aria-expanded=\"false\">Apresenta\u00e7\u00f5es KPOP<\/div>\n\t\t\t\t\t<div id=\"elementor-tab-content-3011\" class=\"elementor-tab-content elementor-clearfix\" data-tab=\"1\" role=\"tabpanel\" aria-labelledby=\"elementor-tab-title-3011\" tabindex=\"0\" hidden=\"false\"><p>Apresenta\u00e7\u00f5es K-POP<\/p><p>Aten\u00e7\u00e3o: Ser\u00e3o disponibilizados at\u00e9 32 vagas por dia de evento. As Vagas ser\u00e3o priorit\u00e1rias na seguinte ordem: Grupos, Trios, Duplas e Solos. As apresenta\u00e7\u00f5es ser\u00e3o no <strong>Palco Musical.<\/strong><\/p><\/div>\n\t\t\t\t\t\t\t\t\t<div class=\"elementor-tab-title elementor-tab-mobile-title\" aria-selected=\"false\" data-tab=\"2\" role=\"tab\" tabindex=\"-1\" aria-controls=\"elementor-tab-content-3012\" aria-expanded=\"false\">Inscri\u00e7\u00f5es<\/div>\n\t\t\t\t\t<div id=\"elementor-tab-content-3012\" class=\"elementor-tab-content elementor-clearfix\" data-tab=\"2\" role=\"tabpanel\" aria-labelledby=\"elementor-tab-title-3012\" tabindex=\"0\" hidden=\"hidden\"><p><span style=\"color: #000000;\"><strong><a style=\"color: #000000;\" href=\"https:\/\/forms.gle\/uge5u9Mgi95vwraUA\" target=\"_blank\" rel=\"noopener\">INSCREVA-SE AQUI!<\/a><\/strong><\/span><\/p><\/div>\n\t\t\t\t\t\t\t<\/div>\n\t\t<\/div>\n\t\t\t\t\t\t<\/div>\n\t\t\t\t<\/div>\n\t\t            <\/div>\r\n        <\/div>\r\n                <div class=\"elementor-column elementor-col-50 elementor-top-column elementor-element elementor-element-8a2aaaf pxl-column-none pxl-column-overflow-hidden-no\" data-id=\"8a2aaaf\" data-element_type=\"column\" data-e-type=\"column\">\r\n        <div class=\"elementor-widget-wrap elementor-element-populated\">\r\n                     \r\n        \t\t<div class=\"elementor-element elementor-element-3b1f47e elementor-widget elementor-widget-image\" data-id=\"3b1f47e\" data-element_type=\"widget\" data-e-type=\"widget\" data-widget_type=\"image.default\">\n\t\t\t\t<div class=\"elementor-widget-container\">\n\t\t\t\t\t\t\t\t\t\t\t\t\t\t\t<img fetchpriority=\"high\" decoding=\"async\" width=\"1024\" height=\"514\" src=\"https:\/\/www.animebuzz.com.br\/buzz2026\/wp-content\/uploads\/2026\/01\/kpop-1024x514.png\" class=\"attachment-large size-large wp-image-18267\" alt=\"\" srcset=\"https:\/\/www.animebuzz.com.br\/buzz2026\/wp-content\/uploads\/2026\/01\/kpop-1024x514.png 1024w, https:\/\/www.animebuzz.com.br\/buzz2026\/wp-content\/uploads\/2026\/01\/kpop-300x151.png 300w, https:\/\/www.animebuzz.com.br\/buzz2026\/wp-content\/uploads\/2026\/01\/kpop-768x385.png 768w, https:\/\/www.animebuzz.com.br\/buzz2026\/wp-content\/uploads\/2026\/01\/kpop-1536x771.png 1536w, https:\/\/www.animebuzz.com.br\/buzz2026\/wp-content\/uploads\/2026\/01\/kpop-2048x1028.png 2048w, https:\/\/www.animebuzz.com.br\/buzz2026\/wp-content\/uploads\/2026\/01\/kpop-1170x587.png 1170w\" sizes=\"(max-width: 1024px) 100vw, 1024px\" \/>\t\t\t\t\t\t\t\t\t\t\t\t\t\t\t<\/div>\n\t\t\t\t<\/div>\n\t\t            <\/div>\r\n        <\/div>\r\n        \t\t\t<\/div>\n\t\t<\/section>\n\t\t        <section class=\"elementor-section elementor-top-section elementor-element elementor-element-ff06b2a elementor-section-boxed elementor-section-height-default elementor-section-height-default pxl-row-scroll-none pxl-section-overflow-visible pxl-bg-color-none pxl-section-overlay-none\" data-id=\"ff06b2a\" data-element_type=\"section\" data-e-type=\"section\" data-settings=\"{&quot;background_background&quot;:&quot;classic&quot;}\">\n\n                            <div class=\"elementor-background-overlay\"><\/div>\n            \n                <div class=\"elementor-container elementor-column-gap-default \">\n                <div class=\"elementor-column elementor-col-50 elementor-top-column elementor-element elementor-element-0204dd4 pxl-column-none pxl-column-overflow-hidden-no\" data-id=\"0204dd4\" data-element_type=\"column\" data-e-type=\"column\">\r\n        <div class=\"elementor-widget-wrap elementor-element-populated\">\r\n                     \r\n        \t\t<div class=\"elementor-element elementor-element-20df313 elementor-widget elementor-widget-image\" data-id=\"20df313\" data-element_type=\"widget\" data-e-type=\"widget\" data-widget_type=\"image.default\">\n\t\t\t\t<div class=\"elementor-widget-container\">\n\t\t\t\t\t\t\t\t\t\t\t\t\t\t\t<img decoding=\"async\" width=\"1024\" height=\"514\" src=\"https:\/\/www.animebuzz.com.br\/buzz2026\/wp-content\/uploads\/2026\/01\/ramdom-1024x514.png\" class=\"attachment-large size-large wp-image-18268\" alt=\"\" srcset=\"https:\/\/www.animebuzz.com.br\/buzz2026\/wp-content\/uploads\/2026\/01\/ramdom-1024x514.png 1024w, https:\/\/www.animebuzz.com.br\/buzz2026\/wp-content\/uploads\/2026\/01\/ramdom-300x151.png 300w, https:\/\/www.animebuzz.com.br\/buzz2026\/wp-content\/uploads\/2026\/01\/ramdom-768x385.png 768w, https:\/\/www.animebuzz.com.br\/buzz2026\/wp-content\/uploads\/2026\/01\/ramdom-1536x771.png 1536w, https:\/\/www.animebuzz.com.br\/buzz2026\/wp-content\/uploads\/2026\/01\/ramdom-2048x1028.png 2048w, https:\/\/www.animebuzz.com.br\/buzz2026\/wp-content\/uploads\/2026\/01\/ramdom-1170x587.png 1170w\" sizes=\"(max-width: 1024px) 100vw, 1024px\" \/>\t\t\t\t\t\t\t\t\t\t\t\t\t\t\t<\/div>\n\t\t\t\t<\/div>\n\t\t            <\/div>\r\n        <\/div>\r\n                <div class=\"elementor-column elementor-col-50 elementor-top-column elementor-element elementor-element-b824114 pxl-column-none pxl-column-overflow-hidden-no\" data-id=\"b824114\" data-element_type=\"column\" data-e-type=\"column\">\r\n        <div class=\"elementor-widget-wrap elementor-element-populated\">\r\n                     \r\n        \t\t<div class=\"elementor-element elementor-element-71b7d64 elementor-tabs-view-horizontal elementor-widget elementor-widget-tabs\" data-id=\"71b7d64\" data-element_type=\"widget\" data-e-type=\"widget\" data-widget_type=\"tabs.default\">\n\t\t\t\t<div class=\"elementor-widget-container\">\n\t\t\t\t\t\t\t<div class=\"elementor-tabs\">\n\t\t\t<div class=\"elementor-tabs-wrapper\" role=\"tablist\" >\n\t\t\t\t\t\t\t\t\t<div id=\"elementor-tab-title-1191\" class=\"elementor-tab-title elementor-tab-desktop-title\" aria-selected=\"true\" data-tab=\"1\" role=\"tab\" tabindex=\"0\" aria-controls=\"elementor-tab-content-1191\" aria-expanded=\"false\">Random Dance<\/div>\n\t\t\t\t\t\t\t<\/div>\n\t\t\t<div class=\"elementor-tabs-content-wrapper\" role=\"tablist\" aria-orientation=\"vertical\">\n\t\t\t\t\t\t\t\t\t<div class=\"elementor-tab-title elementor-tab-mobile-title\" aria-selected=\"true\" data-tab=\"1\" role=\"tab\" tabindex=\"0\" aria-controls=\"elementor-tab-content-1191\" aria-expanded=\"false\">Random Dance<\/div>\n\t\t\t\t\t<div id=\"elementor-tab-content-1191\" class=\"elementor-tab-content elementor-clearfix\" data-tab=\"1\" role=\"tabpanel\" aria-labelledby=\"elementor-tab-title-1191\" tabindex=\"0\" hidden=\"false\"><p>Aqui \u00e9 onde tocam os trechos das melhores m\u00fasicas de K-POP no palco! Aquele esquema que todo mundo j\u00e1 conhece: todo mundo na frente do palco em formato de U e quem sabe aquela coreografia vai pro meio mostrar suas habilidades e se divetir muito! O Randon ser\u00e1 realizado no <strong>Palco Musical.<\/strong><\/p><\/div>\n\t\t\t\t\t\t\t<\/div>\n\t\t<\/div>\n\t\t\t\t\t\t<\/div>\n\t\t\t\t<\/div>\n\t\t            <\/div>\r\n        <\/div>\r\n        \t\t\t<\/div>\n\t\t<\/section>\n\t\t        <section class=\"elementor-section elementor-top-section elementor-element elementor-element-f7b7d0c elementor-section-boxed elementor-section-height-default elementor-section-height-default pxl-row-scroll-none pxl-section-overflow-visible pxl-bg-color-none pxl-section-overlay-none\" data-id=\"f7b7d0c\" data-element_type=\"section\" data-e-type=\"section\" data-settings=\"{&quot;background_background&quot;:&quot;classic&quot;}\">\n\n                            <div class=\"elementor-background-overlay\"><\/div>\n            \n                <div class=\"elementor-container elementor-column-gap-default \">\n                <div class=\"elementor-column elementor-col-100 elementor-top-column elementor-element elementor-element-c412a9f pxl-column-none pxl-column-overflow-hidden-no\" data-id=\"c412a9f\" data-element_type=\"column\" data-e-type=\"column\">\r\n        <div class=\"elementor-widget-wrap elementor-element-populated\">\r\n                     \r\n        \t\t<div class=\"elementor-element elementor-element-9c7fb6e elementor-widget elementor-widget-spacer\" data-id=\"9c7fb6e\" data-element_type=\"widget\" data-e-type=\"widget\" data-widget_type=\"spacer.default\">\n\t\t\t\t<div class=\"elementor-widget-container\">\n\t\t\t\t\t\t\t<div class=\"elementor-spacer\">\n\t\t\t<div class=\"elementor-spacer-inner\"><\/div>\n\t\t<\/div>\n\t\t\t\t\t\t<\/div>\n\t\t\t\t<\/div>\n\t\t\t\t<div class=\"elementor-element elementor-element-41852cd elementor-align-center elementor-widget elementor-widget-pxl_button\" data-id=\"41852cd\" data-element_type=\"widget\" data-e-type=\"widget\" data-widget_type=\"pxl_button.default\">\n\t\t\t\t<div class=\"elementor-widget-container\">\n\t\t\t\t\t \r\n<div id=\"pxl-pxl_button-41852cd-1452\" class=\"pxl-button \" data-wow-delay=\"ms\">\r\n    \r\n    <a href=\"https:\/\/minhaentrada.com.br\/evento\/anime-buzz-2026-28301\" \r\n       class=\"btn btn-style-1  pxl-icon-active  pxl-icon--left\" data-text=\"GARANTA SEU INGRESSO\"  data-wow-delay=\"ms\">\r\n       \r\n                                <span class=\"pxl--btn-text\" data-text=\"GARANTA SEU INGRESSO\">\r\n                GARANTA SEU INGRESSO            <\/span>\r\n            <\/a>\r\n  \r\n<\/div>\r\n\t\t\t\t<\/div>\n\t\t\t\t<\/div>\n\t\t            <\/div>\r\n        <\/div>\r\n        \t\t\t<\/div>\n\t\t<\/section>\n\t\t\t\t<\/div>\n\t\t","protected":false},"excerpt":{"rendered":"<p>Apresenta\u00e7\u00f5es KPOP Inscri\u00e7\u00f5es Apresenta\u00e7\u00f5es KPOP Apresenta\u00e7\u00f5es K-POP Aten\u00e7\u00e3o: Ser\u00e3o disponibilizados at\u00e9 32 vagas por dia de evento. As Vagas ser\u00e3o priorit\u00e1rias na seguinte ordem: Grupos, Trios, Duplas e Solos. As apresenta\u00e7\u00f5es ser\u00e3o no Palco Musical. Inscri\u00e7\u00f5es INSCREVA-SE AQUI! Random Dance Random Dance Aqui \u00e9 onde tocam os trechos das melhores m\u00fasicas de K-POP no palco! [&hellip;]<\/p>\n","protected":false},"author":1,"featured_media":0,"parent":0,"menu_order":0,"comment_status":"closed","ping_status":"closed","template":"","meta":{"footnotes":""},"class_list":["post-16801","page","type-page","status-publish","hentry"],"aioseo_notices":[],"_links":{"self":[{"href":"https:\/\/www.animebuzz.com.br\/buzz2026\/wp-json\/wp\/v2\/pages\/16801","targetHints":{"allow":["GET"]}}],"collection":[{"href":"https:\/\/www.animebuzz.com.br\/buzz2026\/wp-json\/wp\/v2\/pages"}],"about":[{"href":"https:\/\/www.animebuzz.com.br\/buzz2026\/wp-json\/wp\/v2\/types\/page"}],"author":[{"embeddable":true,"href":"https:\/\/www.animebuzz.com.br\/buzz2026\/wp-json\/wp\/v2\/users\/1"}],"replies":[{"embeddable":true,"href":"https:\/\/www.animebuzz.com.br\/buzz2026\/wp-json\/wp\/v2\/comments?post=16801"}],"version-history":[{"count":73,"href":"https:\/\/www.animebuzz.com.br\/buzz2026\/wp-json\/wp\/v2\/pages\/16801\/revisions"}],"predecessor-version":[{"id":18423,"href":"https:\/\/www.animebuzz.com.br\/buzz2026\/wp-json\/wp\/v2\/pages\/16801\/revisions\/18423"}],"wp:attachment":[{"href":"https:\/\/www.animebuzz.com.br\/buzz2026\/wp-json\/wp\/v2\/media?parent=16801"}],"curies":[{"name":"wp","href":"https:\/\/api.w.org\/{rel}","templated":true}]}}