{"id":16717,"date":"2025-01-28T19:03:20","date_gmt":"2025-01-28T19:03:20","guid":{"rendered":"https:\/\/animebuzz.com.br\/buzz15anos\/?page_id=16717"},"modified":"2026-03-20T13:11:30","modified_gmt":"2026-03-20T13:11:30","slug":"meia-entrada","status":"publish","type":"page","link":"https:\/\/www.animebuzz.com.br\/buzz2026\/meia-entrada\/","title":{"rendered":"Meia Entrada"},"content":{"rendered":"\t\t<div data-elementor-type=\"wp-page\" data-elementor-id=\"16717\" class=\"elementor elementor-16717\">\n\t\t\t\t        <section class=\"elementor-section elementor-top-section elementor-element elementor-element-5454bf1 elementor-section-boxed elementor-section-height-default elementor-section-height-default pxl-row-scroll-none pxl-section-overflow-visible pxl-bg-color-none pxl-section-overlay-none\" data-id=\"5454bf1\" data-element_type=\"section\" data-e-type=\"section\" data-settings=\"{&quot;background_background&quot;:&quot;classic&quot;}\">\n\n                            <div class=\"elementor-background-overlay\"><\/div>\n            \n                <div class=\"elementor-container elementor-column-gap-default \">\n                <div class=\"elementor-column elementor-col-100 elementor-top-column elementor-element elementor-element-7e545e4 pxl-column-none pxl-column-overflow-hidden-no\" data-id=\"7e545e4\" data-element_type=\"column\" data-e-type=\"column\">\r\n        <div class=\"elementor-widget-wrap elementor-element-populated\">\r\n                     \r\n        \t\t<div class=\"elementor-element elementor-element-8abcd9d elementor-widget elementor-widget-spacer\" data-id=\"8abcd9d\" data-element_type=\"widget\" data-e-type=\"widget\" data-widget_type=\"spacer.default\">\n\t\t\t\t<div class=\"elementor-widget-container\">\n\t\t\t\t\t\t\t<div class=\"elementor-spacer\">\n\t\t\t<div class=\"elementor-spacer-inner\"><\/div>\n\t\t<\/div>\n\t\t\t\t\t\t<\/div>\n\t\t\t\t<\/div>\n\t\t\t\t<div class=\"elementor-element elementor-element-3c77fa4 elementor-widget elementor-widget-image\" data-id=\"3c77fa4\" data-element_type=\"widget\" data-e-type=\"widget\" data-widget_type=\"image.default\">\n\t\t\t\t<div class=\"elementor-widget-container\">\n\t\t\t\t\t\t\t\t\t\t\t\t\t\t\t<img fetchpriority=\"high\" decoding=\"async\" width=\"832\" height=\"113\" src=\"https:\/\/www.animebuzz.com.br\/buzz2026\/wp-content\/uploads\/2025\/01\/meia-entrada.png\" class=\"attachment-large size-large wp-image-16859\" alt=\"\" srcset=\"https:\/\/www.animebuzz.com.br\/buzz2026\/wp-content\/uploads\/2025\/01\/meia-entrada.png 832w, https:\/\/www.animebuzz.com.br\/buzz2026\/wp-content\/uploads\/2025\/01\/meia-entrada-300x41.png 300w, https:\/\/www.animebuzz.com.br\/buzz2026\/wp-content\/uploads\/2025\/01\/meia-entrada-768x104.png 768w, https:\/\/www.animebuzz.com.br\/buzz2026\/wp-content\/uploads\/2025\/01\/meia-entrada-600x81.png 600w\" sizes=\"(max-width: 832px) 100vw, 832px\" \/>\t\t\t\t\t\t\t\t\t\t\t\t\t\t\t<\/div>\n\t\t\t\t<\/div>\n\t\t\t\t<div class=\"elementor-element elementor-element-6d2ae45 elementor-widget elementor-widget-pxl_text_editor\" data-id=\"6d2ae45\" data-element_type=\"widget\" data-e-type=\"widget\" data-widget_type=\"pxl_text_editor.default\">\n\t\t\t\t<div class=\"elementor-widget-container\">\n\t\t\t\t\t<div class=\"pxl-text-editor\">\n\t<div class=\"pxl-item--inner \" data-wow-delay=\"ms\">\n\t\t<p>Seguindo orienta\u00e7\u00f5es da\u00a0<strong>Lei Federal 12.933, Lei 12.764\/2012, Lei 10.741\/2003<\/strong> e demais orienta\u00e7\u00f5es a n\u00edveis estaduais e municipais.<\/p><p>A meia entrada (50% de desconto no ingresso) \u00e9 v\u00e1lido para:<\/p><ol><li>Estudantes regularmente matriculados em institui\u00e7\u00f5es de ensino p\u00fablico ou privada, que possuem sua Carteira de Identifica\u00e7\u00e3o Estudantil, o CIE. O Anime Buzz aceita em car\u00e1ter de exce\u00e7\u00e3o apresentando sempre com documento como foto, Atestado de matr\u00edcula (Ensino Fundamental, M\u00e9dio, T\u00e9cnico, Superior, P\u00f3s-Gradua\u00e7\u00e3o, Mestrado e Doutorado (Presencial ou EAD), assim como, Cart\u00f5es de Transporte P\u00fablico Escolares (TRI, TEU, SIM, do ano vigente);<\/li><li>Jovens de Baixa Renda: Pessoas entre 15 e 29 anos, com renda mensal de at\u00e9 2 sal\u00e1rios m\u00ednimos e que estejam inscritas no CAD \u00danico para Programas Sociais do Governo Federal e jovens portadores do ID Jovem;<\/li><li>Pessoas com defici\u00eancia, com impedimentos de longo prazo (f\u00edsica, mental, intelectual ou sensorial), assim como o seu acompanhante direto e Pessoas com transtorno do espectro autista;<\/li><li>Doadores regulares de sangue com carteirinha expedida pela Secretaria de Estado da Sa\u00fade;<\/li><li>Idosos acima de 60 anos;<\/li><li>Menores 06 anos de idade s\u00e3o isentos de ingresso (N\u00e3o v\u00e1lido para ingresso VIP);<\/li><li><b>Menores de 15 anos<\/b> comprovado apenas com seu RG (Lei do munic\u00edpio de Porto Alegre);<\/li><li>Professores de Ensino P\u00fablico ou Privada de Ensino Regular, apresentando documento que comprove seu v\u00ednculo com a profiss\u00e3o no ano vigente, Ex: CTPS, contrato de trabalho, crach\u00e1 oficial da institui\u00e7\u00e3o, carteirinha de sindicato (CPERS, SIMPRO, etc).<\/li><\/ol><p>O Anime Buzz junto ao seu p\u00fablico, disponibiliza meia-entrada tamb\u00e9m para Cosplayers e Dan\u00e7arinos Kpoppers que ir\u00e3o se apresentar no evento. <strong>Confira os regulamentos abaixo:<\/strong><\/p>\t\t\n\t<\/div>\n<\/div>\t\t\t\t<\/div>\n\t\t\t\t<\/div>\n\t\t\t\t<div class=\"elementor-element elementor-element-7cf6a07 elementor-widget elementor-widget-spacer\" data-id=\"7cf6a07\" data-element_type=\"widget\" data-e-type=\"widget\" data-widget_type=\"spacer.default\">\n\t\t\t\t<div class=\"elementor-widget-container\">\n\t\t\t\t\t\t\t<div class=\"elementor-spacer\">\n\t\t\t<div class=\"elementor-spacer-inner\"><\/div>\n\t\t<\/div>\n\t\t\t\t\t\t<\/div>\n\t\t\t\t<\/div>\n\t\t\t\t<div class=\"elementor-element elementor-element-2351a3e elementor-widget elementor-widget-image\" data-id=\"2351a3e\" data-element_type=\"widget\" data-e-type=\"widget\" data-widget_type=\"image.default\">\n\t\t\t\t<div class=\"elementor-widget-container\">\n\t\t\t\t\t\t\t\t\t\t\t\t\t\t\t<img decoding=\"async\" width=\"1024\" height=\"85\" src=\"https:\/\/www.animebuzz.com.br\/buzz2026\/wp-content\/uploads\/2025\/01\/cosplayers-pagam-1024x85.png\" class=\"attachment-large size-large wp-image-16857\" alt=\"\" srcset=\"https:\/\/www.animebuzz.com.br\/buzz2026\/wp-content\/uploads\/2025\/01\/cosplayers-pagam-1024x85.png 1024w, https:\/\/www.animebuzz.com.br\/buzz2026\/wp-content\/uploads\/2025\/01\/cosplayers-pagam-300x25.png 300w, https:\/\/www.animebuzz.com.br\/buzz2026\/wp-content\/uploads\/2025\/01\/cosplayers-pagam-768x64.png 768w, https:\/\/www.animebuzz.com.br\/buzz2026\/wp-content\/uploads\/2025\/01\/cosplayers-pagam-1170x97.png 1170w, https:\/\/www.animebuzz.com.br\/buzz2026\/wp-content\/uploads\/2025\/01\/cosplayers-pagam-600x50.png 600w, https:\/\/www.animebuzz.com.br\/buzz2026\/wp-content\/uploads\/2025\/01\/cosplayers-pagam.png 1299w\" sizes=\"(max-width: 1024px) 100vw, 1024px\" \/>\t\t\t\t\t\t\t\t\t\t\t\t\t\t\t<\/div>\n\t\t\t\t<\/div>\n\t\t\t\t<div class=\"elementor-element elementor-element-954364b elementor-widget elementor-widget-pxl_text_editor\" data-id=\"954364b\" data-element_type=\"widget\" data-e-type=\"widget\" data-widget_type=\"pxl_text_editor.default\">\n\t\t\t\t<div class=\"elementor-widget-container\">\n\t\t\t\t\t<div class=\"pxl-text-editor\">\n\t<div class=\"pxl-item--inner \" data-wow-delay=\"ms\">\n\t\t<ol><li>Compre seu ingresso antecipado (NORMAL OU VIP) ou no dia do evento (caso esse venha a ser vendido na hora);<\/li><li>V\u00e1 ao evento vestindo seu cosplay e caracterizado do personagem escolhido (maquiagem, acess\u00f3rios, etc);<\/li><li>Leve consigo impresso em folha A4 ou direto do seu smartphone a sua imagem de refer\u00eancia; (imagem do personagem a qual voc\u00ea est\u00e1 se caracterizando, poder\u00e1 ser solicitado pela nossa equipe);<\/li><li>N\u00e3o \u00e9 permitido personagens inventados, \u00e9 necess\u00e1rio ter uma imagem de refer\u00eancia real!<\/li><li>A promo\u00e7\u00e3o n\u00e3o \u00e9 acumulativa com outras promo\u00e7\u00f5es.<\/li><\/ol>\t\t\n\t<\/div>\n<\/div>\t\t\t\t<\/div>\n\t\t\t\t<\/div>\n\t\t\t\t<div class=\"elementor-element elementor-element-21d4541 elementor-widget elementor-widget-image\" data-id=\"21d4541\" data-element_type=\"widget\" data-e-type=\"widget\" data-widget_type=\"image.default\">\n\t\t\t\t<div class=\"elementor-widget-container\">\n\t\t\t\t\t\t\t\t\t\t\t\t\t\t\t<img decoding=\"async\" width=\"1024\" height=\"128\" src=\"https:\/\/www.animebuzz.com.br\/buzz2026\/wp-content\/uploads\/2025\/01\/DANCARINOS-1024x128.png\" class=\"attachment-large size-large wp-image-16858\" alt=\"\" srcset=\"https:\/\/www.animebuzz.com.br\/buzz2026\/wp-content\/uploads\/2025\/01\/DANCARINOS-1024x128.png 1024w, https:\/\/www.animebuzz.com.br\/buzz2026\/wp-content\/uploads\/2025\/01\/DANCARINOS-300x38.png 300w, https:\/\/www.animebuzz.com.br\/buzz2026\/wp-content\/uploads\/2025\/01\/DANCARINOS-768x96.png 768w, https:\/\/www.animebuzz.com.br\/buzz2026\/wp-content\/uploads\/2025\/01\/DANCARINOS-1170x147.png 1170w, https:\/\/www.animebuzz.com.br\/buzz2026\/wp-content\/uploads\/2025\/01\/DANCARINOS-600x75.png 600w, https:\/\/www.animebuzz.com.br\/buzz2026\/wp-content\/uploads\/2025\/01\/DANCARINOS.png 1205w\" sizes=\"(max-width: 1024px) 100vw, 1024px\" \/>\t\t\t\t\t\t\t\t\t\t\t\t\t\t\t<\/div>\n\t\t\t\t<\/div>\n\t\t\t\t<div class=\"elementor-element elementor-element-24e65d9 elementor-widget elementor-widget-pxl_text_editor\" data-id=\"24e65d9\" data-element_type=\"widget\" data-e-type=\"widget\" data-widget_type=\"pxl_text_editor.default\">\n\t\t\t\t<div class=\"elementor-widget-container\">\n\t\t\t\t\t<div class=\"pxl-text-editor\">\n\t<div class=\"pxl-item--inner \" data-wow-delay=\"ms\">\n\t\t<ol><li>\u00a0\u00c9 necess\u00e1rio ter sua apresenta\u00e7\u00e3o aprovada, seja ela em grupo, trio, dupla ou solo.<\/li><li>Compre seu ingresso (NORMAL OU VIP).<\/li><li>\u00a0No momento do checkin final o l\u00edder do grupo dever\u00e1 inserir o nome completo de todos os participantes.<\/li><li>\u00a0O Nome ser\u00e1 acrescentado no credenciamento do evento, onde voc\u00ea dever\u00e1 comprovar seu nome e utilizar o ingresso meia entrada.<\/li><li>N\u00e3o esque\u00e7a de um documento que comprove seu nome.<\/li><li>A promo\u00e7\u00e3o n\u00e3o \u00e9 acumulativa com outras promo\u00e7\u00f5es.<\/li><\/ol>\t\t\n\t<\/div>\n<\/div>\t\t\t\t<\/div>\n\t\t\t\t<\/div>\n\t\t\t\t<div class=\"elementor-element elementor-element-88b08ca elementor-widget elementor-widget-spacer\" data-id=\"88b08ca\" data-element_type=\"widget\" data-e-type=\"widget\" data-widget_type=\"spacer.default\">\n\t\t\t\t<div class=\"elementor-widget-container\">\n\t\t\t\t\t\t\t<div class=\"elementor-spacer\">\n\t\t\t<div class=\"elementor-spacer-inner\"><\/div>\n\t\t<\/div>\n\t\t\t\t\t\t<\/div>\n\t\t\t\t<\/div>\n\t\t\t\t<div class=\"elementor-element elementor-element-c28aebb elementor-align-center elementor-widget elementor-widget-pxl_button\" data-id=\"c28aebb\" data-element_type=\"widget\" data-e-type=\"widget\" data-widget_type=\"pxl_button.default\">\n\t\t\t\t<div class=\"elementor-widget-container\">\n\t\t\t\t\t \r\n<div id=\"pxl-pxl_button-c28aebb-2646\" class=\"pxl-button \" data-wow-delay=\"ms\">\r\n    \r\n    <a href=\"https:\/\/minhaentrada.com.br\/evento\/anime-buzz-2026-28301\" \r\n       class=\"btn btn-style-1  pxl-icon-active  pxl-icon--left\" data-text=\"GARANTA SEU INGRESSO\"  data-wow-delay=\"ms\">\r\n       \r\n                                <span class=\"pxl--btn-text\" data-text=\"GARANTA SEU INGRESSO\">\r\n                GARANTA SEU INGRESSO            <\/span>\r\n            <\/a>\r\n  \r\n<\/div>\r\n\t\t\t\t<\/div>\n\t\t\t\t<\/div>\n\t\t            <\/div>\r\n        <\/div>\r\n        \t\t\t<\/div>\n\t\t<\/section>\n\t\t        <section class=\"elementor-section elementor-top-section elementor-element elementor-element-6059a77 elementor-section-boxed elementor-section-height-default elementor-section-height-default pxl-row-scroll-none pxl-section-overflow-visible pxl-bg-color-none pxl-section-overlay-none\" data-id=\"6059a77\" data-element_type=\"section\" data-e-type=\"section\" data-settings=\"{&quot;background_background&quot;:&quot;classic&quot;}\">\n\n                \n                <div class=\"elementor-container elementor-column-gap-default \">\n                <div class=\"elementor-column elementor-col-100 elementor-top-column elementor-element elementor-element-8a8ff84 pxl-column-none pxl-column-overflow-hidden-no\" data-id=\"8a8ff84\" data-element_type=\"column\" data-e-type=\"column\">\r\n        <div class=\"elementor-widget-wrap elementor-element-populated\">\r\n                     \r\n        \t\t<div class=\"elementor-element elementor-element-9c7fb6e elementor-widget elementor-widget-spacer\" data-id=\"9c7fb6e\" data-element_type=\"widget\" data-e-type=\"widget\" data-widget_type=\"spacer.default\">\n\t\t\t\t<div class=\"elementor-widget-container\">\n\t\t\t\t\t\t\t<div class=\"elementor-spacer\">\n\t\t\t<div class=\"elementor-spacer-inner\"><\/div>\n\t\t<\/div>\n\t\t\t\t\t\t<\/div>\n\t\t\t\t<\/div>\n\t\t            <\/div>\r\n        <\/div>\r\n        \t\t\t<\/div>\n\t\t<\/section>\n\t\t\t\t<\/div>\n\t\t","protected":false},"excerpt":{"rendered":"<p>Seguindo orienta\u00e7\u00f5es da\u00a0Lei Federal 12.933, Lei 12.764\/2012, Lei 10.741\/2003 e demais orienta\u00e7\u00f5es a n\u00edveis estaduais e municipais. A meia entrada (50% de desconto no ingresso) \u00e9 v\u00e1lido para: Estudantes regularmente matriculados em institui\u00e7\u00f5es de ensino p\u00fablico ou privada, que possuem sua Carteira de Identifica\u00e7\u00e3o Estudantil, o CIE. O Anime Buzz aceita em car\u00e1ter de exce\u00e7\u00e3o [&hellip;]<\/p>\n","protected":false},"author":1,"featured_media":0,"parent":0,"menu_order":0,"comment_status":"closed","ping_status":"closed","template":"","meta":{"footnotes":""},"class_list":["post-16717","page","type-page","status-publish","hentry"],"aioseo_notices":[],"_links":{"self":[{"href":"https:\/\/www.animebuzz.com.br\/buzz2026\/wp-json\/wp\/v2\/pages\/16717","targetHints":{"allow":["GET"]}}],"collection":[{"href":"https:\/\/www.animebuzz.com.br\/buzz2026\/wp-json\/wp\/v2\/pages"}],"about":[{"href":"https:\/\/www.animebuzz.com.br\/buzz2026\/wp-json\/wp\/v2\/types\/page"}],"author":[{"embeddable":true,"href":"https:\/\/www.animebuzz.com.br\/buzz2026\/wp-json\/wp\/v2\/users\/1"}],"replies":[{"embeddable":true,"href":"https:\/\/www.animebuzz.com.br\/buzz2026\/wp-json\/wp\/v2\/comments?post=16717"}],"version-history":[{"count":43,"href":"https:\/\/www.animebuzz.com.br\/buzz2026\/wp-json\/wp\/v2\/pages\/16717\/revisions"}],"predecessor-version":[{"id":18564,"href":"https:\/\/www.animebuzz.com.br\/buzz2026\/wp-json\/wp\/v2\/pages\/16717\/revisions\/18564"}],"wp:attachment":[{"href":"https:\/\/www.animebuzz.com.br\/buzz2026\/wp-json\/wp\/v2\/media?parent=16717"}],"curies":[{"name":"wp","href":"https:\/\/api.w.org\/{rel}","templated":true}]}}