{"id":16692,"date":"2025-01-28T18:53:20","date_gmt":"2025-01-28T18:53:20","guid":{"rendered":"https:\/\/animebuzz.com.br\/buzz15anos\/?page_id=16692"},"modified":"2025-10-13T20:18:00","modified_gmt":"2025-10-13T20:18:00","slug":"regras","status":"publish","type":"page","link":"https:\/\/www.animebuzz.com.br\/buzz2026\/regras\/","title":{"rendered":"Regras"},"content":{"rendered":"\t\t<div data-elementor-type=\"wp-page\" data-elementor-id=\"16692\" class=\"elementor elementor-16692\">\n\t\t\t\t        <section class=\"elementor-section elementor-top-section elementor-element elementor-element-5454bf1 elementor-section-boxed elementor-section-height-default elementor-section-height-default pxl-row-scroll-none pxl-section-overflow-visible pxl-bg-color-none pxl-section-overlay-none\" data-id=\"5454bf1\" data-element_type=\"section\" data-e-type=\"section\" data-settings=\"{&quot;background_background&quot;:&quot;classic&quot;}\">\n\n                            <div class=\"elementor-background-overlay\"><\/div>\n            \n                <div class=\"elementor-container elementor-column-gap-default \">\n                <div class=\"elementor-column elementor-col-100 elementor-top-column elementor-element elementor-element-7e545e4 pxl-column-none pxl-column-overflow-hidden-no\" data-id=\"7e545e4\" data-element_type=\"column\" data-e-type=\"column\">\r\n        <div class=\"elementor-widget-wrap elementor-element-populated\">\r\n                     \r\n        \t\t<div class=\"elementor-element elementor-element-8abcd9d elementor-widget elementor-widget-spacer\" data-id=\"8abcd9d\" data-element_type=\"widget\" data-e-type=\"widget\" data-widget_type=\"spacer.default\">\n\t\t\t\t<div class=\"elementor-widget-container\">\n\t\t\t\t\t\t\t<div class=\"elementor-spacer\">\n\t\t\t<div class=\"elementor-spacer-inner\"><\/div>\n\t\t<\/div>\n\t\t\t\t\t\t<\/div>\n\t\t\t\t<\/div>\n\t\t\t\t<div class=\"elementor-element elementor-element-3c77fa4 elementor-widget elementor-widget-image\" data-id=\"3c77fa4\" data-element_type=\"widget\" data-e-type=\"widget\" data-widget_type=\"image.default\">\n\t\t\t\t<div class=\"elementor-widget-container\">\n\t\t\t\t\t\t\t\t\t\t\t\t\t\t\t<img fetchpriority=\"high\" decoding=\"async\" width=\"785\" height=\"105\" src=\"https:\/\/www.animebuzz.com.br\/buzz2026\/wp-content\/uploads\/2025\/01\/regras-gerais.png\" class=\"attachment-large size-large wp-image-16853\" alt=\"\" srcset=\"https:\/\/www.animebuzz.com.br\/buzz2026\/wp-content\/uploads\/2025\/01\/regras-gerais.png 785w, https:\/\/www.animebuzz.com.br\/buzz2026\/wp-content\/uploads\/2025\/01\/regras-gerais-300x40.png 300w, https:\/\/www.animebuzz.com.br\/buzz2026\/wp-content\/uploads\/2025\/01\/regras-gerais-768x103.png 768w, https:\/\/www.animebuzz.com.br\/buzz2026\/wp-content\/uploads\/2025\/01\/regras-gerais-600x80.png 600w\" sizes=\"(max-width: 785px) 100vw, 785px\" \/>\t\t\t\t\t\t\t\t\t\t\t\t\t\t\t<\/div>\n\t\t\t\t<\/div>\n\t\t\t\t<div class=\"elementor-element elementor-element-6d2ae45 elementor-widget elementor-widget-pxl_text_editor\" data-id=\"6d2ae45\" data-element_type=\"widget\" data-e-type=\"widget\" data-widget_type=\"pxl_text_editor.default\">\n\t\t\t\t<div class=\"elementor-widget-container\">\n\t\t\t\t\t<div class=\"pxl-text-editor\">\n\t<div class=\"pxl-item--inner \" data-wow-delay=\"ms\">\n\t\t<ol><li>\u00c9 expressamente proibido fumar ou conduzir aceso, cigarro ou semelhante, em qualquer depend\u00eancia fechada do Clube Farrapos como bares, restaurantes, sal\u00f5es de festas, corredores, banheiros e outros conforme prev\u00ea a Lei Federal n\u00ba 9294\/96 e Lei Municipal n\u00ba 555\/06;<\/li><li>N\u00e3o \u00e9 permitido sair do evento e voltar ao mesmo sem uma nova aquisi\u00e7\u00e3o de ingresso.<\/li><li>\u00c9 proibida a entrada de alimentos e bebidas, com exce\u00e7\u00e3o de \u00e1gua para consumo pr\u00f3prio. Em car\u00e1ter de exce\u00e7\u00e3o: crian\u00e7as de at\u00e9 06 anos podem portar alimentos tamb\u00e9m para consumo pr\u00f3prio e pessoas com necessidades particulares mediante laudo m\u00e9dico atualizado (exemplo: intoler\u00e2ncias, condi\u00e7\u00f5es cir\u00fargicas, etc.)<\/li><li>\u00c9 proibido o porte de r\u00e9plicas e armas em metal de qualquer tipo;<\/li><li>\u00c9 proibida a entrada e o porte de arma de airsoft, marcadores de paintball ou similares;<\/li><li>\u00c9 autorizada a entrada de r\u00e9plicas feitas artesanalmente em madeira ou qualquer outro material simples, desde que n\u00e3o possua corte ou seja perfurante;<\/li><li>N\u00e3o \u00e9 permitida a entrada nem o porte de armas de fogo pelo p\u00fablico comum;<\/li><li>N\u00e3o \u00e9 permitida a entrada nem o uso de bebidas alco\u00f3licas e drogas;<\/li><li>\u00c9 proibida a distribui\u00e7\u00e3o ou divulga\u00e7\u00e3o de qualquer tipo de material ou produto sem a autoriza\u00e7\u00e3o da organiza\u00e7\u00e3o do evento (sujeito a recolhimento pela produ\u00e7\u00e3o);<\/li><li>N\u00e3o ser\u00e1 tolerada a perman\u00eancia de visitantes que participarem ou iniciarem tumultos e brigas;<\/li><li>Respeite as diferen\u00e7as, preconceito e falta de respeito n\u00e3o ser\u00e3o toleradas, sujeito a banimento do evento;<\/li><li>N\u00e3o \u00e9 permitida a venda de produtos sem a autoriza\u00e7\u00e3o da organiza\u00e7\u00e3o do evento;<\/li><li>Ser\u00e1 coibida qualquer cena ou vestimenta impr\u00f3pria aos visitantes;<\/li><li>Menores de 06 anos de idade s\u00e3o isentos de ingresso, maiores de 06 anos tem direito a meia-entrada at\u00e9 15 anos incompletos.<\/li><li>Maiores de 60 anos de idade tem direito \u00e0 Meia-Entrada;<\/li><li>\u00c9 importante o porte de um documento oficial com foto sempre;<\/li><li>Crian\u00e7as menores de 12 anos de idade s\u00f3 podem entrar acompanhadas por respons\u00e1vel.<\/li><li>Respeite SEMPRE os cosplayers! Pergunte antes de fazer fotos ou tentar qualquer contato f\u00edsico; <strong>Cosplay N\u00c3O \u00c9 CONSENTIMENTO!<\/strong><\/li><\/ol>\t\t\n\t<\/div>\n<\/div>\t\t\t\t<\/div>\n\t\t\t\t<\/div>\n\t\t\t\t<div class=\"elementor-element elementor-element-6995783 elementor-widget elementor-widget-spacer\" data-id=\"6995783\" data-element_type=\"widget\" data-e-type=\"widget\" data-widget_type=\"spacer.default\">\n\t\t\t\t<div class=\"elementor-widget-container\">\n\t\t\t\t\t\t\t<div class=\"elementor-spacer\">\n\t\t\t<div class=\"elementor-spacer-inner\"><\/div>\n\t\t<\/div>\n\t\t\t\t\t\t<\/div>\n\t\t\t\t<\/div>\n\t\t\t\t<div class=\"elementor-element elementor-element-9c7fb6e elementor-widget elementor-widget-spacer\" data-id=\"9c7fb6e\" data-element_type=\"widget\" data-e-type=\"widget\" data-widget_type=\"spacer.default\">\n\t\t\t\t<div class=\"elementor-widget-container\">\n\t\t\t\t\t\t\t<div class=\"elementor-spacer\">\n\t\t\t<div class=\"elementor-spacer-inner\"><\/div>\n\t\t<\/div>\n\t\t\t\t\t\t<\/div>\n\t\t\t\t<\/div>\n\t\t            <\/div>\r\n        <\/div>\r\n        \t\t\t<\/div>\n\t\t<\/section>\n\t\t\t\t<\/div>\n\t\t","protected":false},"excerpt":{"rendered":"<p>\u00c9 expressamente proibido fumar ou conduzir aceso, cigarro ou semelhante, em qualquer depend\u00eancia fechada do Clube Farrapos como bares, restaurantes, sal\u00f5es de festas, corredores, banheiros e outros conforme prev\u00ea a Lei Federal n\u00ba 9294\/96 e Lei Municipal n\u00ba 555\/06; N\u00e3o \u00e9 permitido sair do evento e voltar ao mesmo sem uma nova aquisi\u00e7\u00e3o de ingresso. [&hellip;]<\/p>\n","protected":false},"author":1,"featured_media":0,"parent":0,"menu_order":0,"comment_status":"closed","ping_status":"closed","template":"","meta":{"footnotes":""},"class_list":["post-16692","page","type-page","status-publish","hentry"],"aioseo_notices":[],"_links":{"self":[{"href":"https:\/\/www.animebuzz.com.br\/buzz2026\/wp-json\/wp\/v2\/pages\/16692","targetHints":{"allow":["GET"]}}],"collection":[{"href":"https:\/\/www.animebuzz.com.br\/buzz2026\/wp-json\/wp\/v2\/pages"}],"about":[{"href":"https:\/\/www.animebuzz.com.br\/buzz2026\/wp-json\/wp\/v2\/types\/page"}],"author":[{"embeddable":true,"href":"https:\/\/www.animebuzz.com.br\/buzz2026\/wp-json\/wp\/v2\/users\/1"}],"replies":[{"embeddable":true,"href":"https:\/\/www.animebuzz.com.br\/buzz2026\/wp-json\/wp\/v2\/comments?post=16692"}],"version-history":[{"count":31,"href":"https:\/\/www.animebuzz.com.br\/buzz2026\/wp-json\/wp\/v2\/pages\/16692\/revisions"}],"predecessor-version":[{"id":18105,"href":"https:\/\/www.animebuzz.com.br\/buzz2026\/wp-json\/wp\/v2\/pages\/16692\/revisions\/18105"}],"wp:attachment":[{"href":"https:\/\/www.animebuzz.com.br\/buzz2026\/wp-json\/wp\/v2\/media?parent=16692"}],"curies":[{"name":"wp","href":"https:\/\/api.w.org\/{rel}","templated":true}]}}